{"id":19986,"date":"2016-08-25T14:12:44","date_gmt":"2016-08-25T14:12:44","guid":{"rendered":"http:\/\/prevol.hebergementvirtuel.ca\/en\/?page_id=19986"},"modified":"2025-09-16T14:23:29","modified_gmt":"2025-09-16T14:23:29","slug":"home","status":"publish","type":"page","link":"https:\/\/prevol.ca\/en\/","title":{"rendered":"Home"},"content":{"rendered":"<div class=\"wpb-content-wrapper\"><p>[vc_row padding_size=&#8221;s-padding&#8221;][vc_column][heading title=&#8221;Services&#8221; style=&#8221;3&#8243;][\/vc_column][\/vc_row][vc_row padding_size=&#8221;s-padding&#8221;][vc_column width=&#8221;1\/3&#8243;][info_box title=&#8221;Residential&#8221; icon=&#8221;fa fa-home&#8221; icon_size=&#8221;medium&#8221; style=&#8221;circle&#8221; color=&#8221;#077bb5&#8243;]Closed circuit camera[\/info_box][\/vc_column][vc_column width=&#8221;1\/3&#8243;][info_box title=&#8221;Commercial&#8221; icon=&#8221;fa fa-eye&#8221; icon_size=&#8221;medium&#8221; style=&#8221;circle&#8221; color=&#8221;#077bb5&#8243;]Central monitoring 24\/7 U.L.C.[\/info_box][\/vc_column][vc_column width=&#8221;1\/3&#8243;][info_box title=&#8221;Industrial&#8221; icon=&#8221;fa fa-building&#8221; icon_size=&#8221;medium&#8221; style=&#8221;circle&#8221; color=&#8221;#077bb5&#8243;]intercom, multi-room audio, cables, telephone and network[\/info_box][\/vc_column][\/vc_row][vc_row alt_color=&#8221;true&#8221; parallax=&#8221;true&#8221; background_overlay=&#8221;color&#8221; padding_size=&#8221;l-padding&#8221; bg_type=&#8221;image&#8221; bg_override=&#8221;ex-full&#8221; css=&#8221;.vc_custom_1758032606460{background-image: url(https:\/\/prevol.ca\/wp-content\/uploads\/2016\/08\/Slider2.jpg?id=20059) !important;}&#8221; overlay_color=&#8221;#0000008C&#8221;][vc_column alt_color=&#8221;true&#8221; text_align=&#8221;center&#8221; css=&#8221;.vc_custom_1467727045683{padding-top: 30px !important;}&#8221;][vc_column_text]<\/p>\n<h2>Welcome to S\u00e9curit\u00e9 Pr\u00e9vol<\/h2>\n<p>Here at S\u00e9curit\u00e9 Pr\u00e9vol, we install and service a wide range of security and alarm systems for both residential and commercial clients in and around the Montreal region.<\/p>\n<p>We provide our high quality services and products to all those in need of a high quality security solution covering: Installation, Alarms Systems, Maintenance and Repair and Security Cameras[\/vc_column_text][\/vc_column][\/vc_row][vc_row padding_size=&#8221;m-padding&#8221;][vc_column width=&#8221;1\/3&#8243;][vc_column_text]<\/p>\n<h3>Contact Us<\/h3>\n<p>Phone: 514 909-7421<br \/>\nEmail: <a href=\"mailto:info@prevol.ca\" target=\"_blank\" rel=\"noopener\">info@prevol.ca<\/a><\/p>\n<p>Please complete the form. Fields marked with (*) are required.[\/vc_column_text][\/vc_column][vc_column width=&#8221;2\/3&#8243;]\n<div class=\"wpcf7 no-js\" id=\"wpcf7-f19992-o1\" lang=\"en-US\" dir=\"ltr\" data-wpcf7-id=\"19992\">\n<div class=\"screen-reader-response\"><p role=\"status\" aria-live=\"polite\" aria-atomic=\"true\"><\/p> <ul><\/ul><\/div>\n<form action=\"\/en\/wp-json\/wp\/v2\/pages\/19986#wpcf7-f19992-o1\" method=\"post\" class=\"wpcf7-form init\" aria-label=\"Contact form\" novalidate=\"novalidate\" data-status=\"init\">\n<fieldset class=\"hidden-fields-container\"><input type=\"hidden\" name=\"_wpcf7\" value=\"19992\" \/><input type=\"hidden\" name=\"_wpcf7_version\" value=\"6.1.1\" \/><input type=\"hidden\" name=\"_wpcf7_locale\" value=\"en_US\" \/><input type=\"hidden\" name=\"_wpcf7_unit_tag\" value=\"wpcf7-f19992-o1\" \/><input type=\"hidden\" name=\"_wpcf7_container_post\" value=\"0\" \/><input type=\"hidden\" name=\"_wpcf7_posted_data_hash\" value=\"\" \/><input type=\"hidden\" name=\"_wpcf7_recaptcha_response\" value=\"\" \/>\n<\/fieldset>\n<div class=\"col-sm-6\">\n\t<p><span class=\"wpcf7-form-control-wrap\" data-name=\"your-firstname\"><input size=\"40\" maxlength=\"400\" class=\"wpcf7-form-control wpcf7-text wpcf7-validates-as-required\" aria-required=\"true\" aria-invalid=\"false\" placeholder=\"LAST NAME *\" value=\"\" type=\"text\" name=\"your-firstname\" \/><\/span>\n\t<\/p>\n<\/div>\n<div class=\"col-sm-6\">\n\t<p><span class=\"wpcf7-form-control-wrap\" data-name=\"your-lastname\"><input size=\"40\" maxlength=\"400\" class=\"wpcf7-form-control wpcf7-text wpcf7-validates-as-required\" aria-required=\"true\" aria-invalid=\"false\" placeholder=\"FIRST NAME *\" value=\"\" type=\"text\" name=\"your-lastname\" \/><\/span>\n\t<\/p>\n<\/div>\n<div class=\"col-sm-6\">\n\t<p><span class=\"wpcf7-form-control-wrap\" data-name=\"your-email\"><input size=\"40\" maxlength=\"400\" class=\"wpcf7-form-control wpcf7-email wpcf7-validates-as-required wpcf7-text wpcf7-validates-as-email\" aria-required=\"true\" aria-invalid=\"false\" placeholder=\"EMAIL *\" value=\"\" type=\"email\" name=\"your-email\" \/><\/span>\n\t<\/p>\n<\/div>\n<div class=\"col-sm-6\">\n\t<p><span class=\"wpcf7-form-control-wrap\" data-name=\"your-tel\"><input size=\"40\" maxlength=\"400\" class=\"wpcf7-form-control wpcf7-tel wpcf7-text wpcf7-validates-as-tel\" aria-invalid=\"false\" placeholder=\"PHONE\" value=\"\" type=\"tel\" name=\"your-tel\" \/><\/span>\n\t<\/p>\n<\/div>\n<div class=\"col-xs-12\">\n\t<p><span class=\"wpcf7-form-control-wrap\" data-name=\"services\"><select class=\"wpcf7-form-control wpcf7-select wpcf7-validates-as-required\" aria-required=\"true\" aria-invalid=\"false\" name=\"services\"><option value=\"Select a type of service\">Select a type of service<\/option><option value=\"Alarm system\">Alarm system<\/option><option value=\"Water damage prevention system\">Water damage prevention system<\/option><option value=\"Others\">Others<\/option><\/select><\/span>\n\t<\/p>\n<\/div>\n<div class=\"col-xs-12\">\n\t<p><span class=\"wpcf7-form-control-wrap\" data-name=\"your-message\"><textarea cols=\"40\" rows=\"10\" maxlength=\"2000\" class=\"wpcf7-form-control wpcf7-textarea\" aria-invalid=\"false\" placeholder=\"MESSAGE\" name=\"your-message\"><\/textarea><\/span>\n\t<\/p>\n\t<p><input type=\"submit\" value=\"SUBMIT\" class=\"full\" \/>\n\t<\/p>\n<\/div><div class=\"wpcf7-response-output\" aria-hidden=\"true\"><\/div>\n<\/form>\n<\/div>\n[\/vc_column][\/vc_row]<\/p>\n<\/div>","protected":false},"excerpt":{"rendered":"<p>[vc_row padding_size=&#8221;s-padding&#8221;][vc_column][heading title=&#8221;Services&#8221; style=&#8221;3&#8243;][\/vc_column][\/vc_row][vc_row padding_size=&#8221;s-padding&#8221;][vc_column width=&#8221;1\/3&#8243;][info_box title=&#8221;Residential&#8221; icon=&#8221;fa fa-home&#8221; icon_size=&#8221;medium&#8221; style=&#8221;circle&#8221; color=&#8221;#077bb5&#8243;]Closed circuit camera[\/info_box][\/vc_column][vc_column width=&#8221;1\/3&#8243;][info_box title=&#8221;Commercial&#8221; icon=&#8221;fa fa-eye&#8221; icon_size=&#8221;medium&#8221; style=&#8221;circle&#8221; color=&#8221;#077bb5&#8243;]Central monitoring 24\/7 U.L.C.[\/info_box][\/vc_column][vc_column width=&#8221;1\/3&#8243;][info_box title=&#8221;Industrial&#8221; icon=&#8221;fa fa-building&#8221; icon_size=&#8221;medium&#8221; style=&#8221;circle&#8221; color=&#8221;#077bb5&#8243;]intercom, multi-room audio, cables, telephone and network[\/info_box][\/vc_column][\/vc_row][vc_row alt_color=&#8221;true&#8221; parallax=&#8221;true&#8221; background_overlay=&#8221;color&#8221; padding_size=&#8221;l-padding&#8221; bg_type=&#8221;image&#8221; bg_override=&#8221;ex-full&#8221; css=&#8221;.vc_custom_1758032606460{background-image: url(https:\/\/prevol.ca\/wp-content\/uploads\/2016\/08\/Slider2.jpg?id=20059) !important;}&#8221; overlay_color=&#8221;#0000008C&#8221;][vc_column alt_color=&#8221;true&#8221; text_align=&#8221;center&#8221; css=&#8221;.vc_custom_1467727045683{padding-top: 30px !important;}&#8221;][vc_column_text] Welcome to S\u00e9curit\u00e9 [&hellip;]<\/p>\n","protected":false},"author":1,"featured_media":0,"parent":0,"menu_order":0,"comment_status":"closed","ping_status":"closed","template":"full-width.php","meta":{"footnotes":""},"class_list":["post-19986","page","type-page","status-publish","hentry"],"yoast_head":"<!-- This site is optimized with the Yoast SEO plugin v25.9 - https:\/\/yoast.com\/wordpress\/plugins\/seo\/ -->\n<title>Home - S\u00e9curit\u00e9 Pr\u00e9vol<\/title>\n<meta name=\"robots\" content=\"index, follow, max-snippet:-1, max-image-preview:large, max-video-preview:-1\" \/>\n<link rel=\"canonical\" href=\"https:\/\/prevol.ca\/en\/home\/\" \/>\n<meta property=\"og:locale\" content=\"en_US\" \/>\n<meta property=\"og:type\" content=\"article\" \/>\n<meta property=\"og:title\" content=\"Home - S\u00e9curit\u00e9 Pr\u00e9vol\" \/>\n<meta property=\"og:description\" content=\"[vc_row padding_size=&#8221;s-padding&#8221;][vc_column][heading title=&#8221;Services&#8221; style=&#8221;3&#8243;][\/vc_column][\/vc_row][vc_row padding_size=&#8221;s-padding&#8221;][vc_column width=&#8221;1\/3&#8243;][info_box title=&#8221;Residential&#8221; icon=&#8221;fa fa-home&#8221; icon_size=&#8221;medium&#8221; style=&#8221;circle&#8221; color=&#8221;#077bb5&#8243;]Closed circuit camera[\/info_box][\/vc_column][vc_column width=&#8221;1\/3&#8243;][info_box title=&#8221;Commercial&#8221; icon=&#8221;fa fa-eye&#8221; icon_size=&#8221;medium&#8221; style=&#8221;circle&#8221; color=&#8221;#077bb5&#8243;]Central monitoring 24\/7 U.L.C.[\/info_box][\/vc_column][vc_column width=&#8221;1\/3&#8243;][info_box title=&#8221;Industrial&#8221; icon=&#8221;fa fa-building&#8221; icon_size=&#8221;medium&#8221; style=&#8221;circle&#8221; color=&#8221;#077bb5&#8243;]intercom, multi-room audio, cables, telephone and network[\/info_box][\/vc_column][\/vc_row][vc_row alt_color=&#8221;true&#8221; parallax=&#8221;true&#8221; background_overlay=&#8221;color&#8221; padding_size=&#8221;l-padding&#8221; bg_type=&#8221;image&#8221; bg_override=&#8221;ex-full&#8221; css=&#8221;.vc_custom_1758032606460{background-image: url(https:\/\/prevol.ca\/wp-content\/uploads\/2016\/08\/Slider2.jpg?id=20059) !important;}&#8221; overlay_color=&#8221;#0000008C&#8221;][vc_column alt_color=&#8221;true&#8221; text_align=&#8221;center&#8221; css=&#8221;.vc_custom_1467727045683{padding-top: 30px !important;}&#8221;][vc_column_text] Welcome to S\u00e9curit\u00e9 [&hellip;]\" \/>\n<meta property=\"og:url\" content=\"https:\/\/prevol.ca\/en\/home\/\" \/>\n<meta property=\"og:site_name\" content=\"S\u00e9curit\u00e9 Pr\u00e9vol\" \/>\n<meta property=\"article:modified_time\" content=\"2025-09-16T14:23:29+00:00\" \/>\n<meta name=\"twitter:card\" content=\"summary_large_image\" \/>\n<meta name=\"twitter:label1\" content=\"Est. reading time\" \/>\n\t<meta name=\"twitter:data1\" content=\"1 minute\" \/>\n<script type=\"application\/ld+json\" class=\"yoast-schema-graph\">{\"@context\":\"https:\/\/schema.org\",\"@graph\":[{\"@type\":\"WebPage\",\"@id\":\"https:\/\/prevol.ca\/en\/home\/\",\"url\":\"https:\/\/prevol.ca\/en\/home\/\",\"name\":\"Home - S\u00e9curit\u00e9 Pr\u00e9vol\",\"isPartOf\":{\"@id\":\"https:\/\/prevol.ca\/#website\"},\"datePublished\":\"2016-08-25T14:12:44+00:00\",\"dateModified\":\"2025-09-16T14:23:29+00:00\",\"breadcrumb\":{\"@id\":\"https:\/\/prevol.ca\/en\/home\/#breadcrumb\"},\"inLanguage\":\"en-US\",\"potentialAction\":[{\"@type\":\"ReadAction\",\"target\":[\"https:\/\/prevol.ca\/en\/home\/\"]}]},{\"@type\":\"BreadcrumbList\",\"@id\":\"https:\/\/prevol.ca\/en\/home\/#breadcrumb\",\"itemListElement\":[{\"@type\":\"ListItem\",\"position\":1,\"name\":\"Home\",\"item\":\"https:\/\/prevol.ca\/en\/home\/\"},{\"@type\":\"ListItem\",\"position\":2,\"name\":\"Home\"}]},{\"@type\":\"WebSite\",\"@id\":\"https:\/\/prevol.ca\/#website\",\"url\":\"https:\/\/prevol.ca\/\",\"name\":\"S\u00e9curit\u00e9 Pr\u00e9vol\",\"description\":\"\",\"publisher\":{\"@id\":\"https:\/\/prevol.ca\/#organization\"},\"potentialAction\":[{\"@type\":\"SearchAction\",\"target\":{\"@type\":\"EntryPoint\",\"urlTemplate\":\"https:\/\/prevol.ca\/?s={search_term_string}\"},\"query-input\":{\"@type\":\"PropertyValueSpecification\",\"valueRequired\":true,\"valueName\":\"search_term_string\"}}],\"inLanguage\":\"en-US\"},{\"@type\":\"Organization\",\"@id\":\"https:\/\/prevol.ca\/#organization\",\"name\":\"S\u00e9curit\u00e9 Pr\u00e9vol\",\"url\":\"https:\/\/prevol.ca\/\",\"logo\":{\"@type\":\"ImageObject\",\"inLanguage\":\"en-US\",\"@id\":\"https:\/\/prevol.ca\/#\/schema\/logo\/image\/\",\"url\":\"https:\/\/prevol.ca\/wp-content\/uploads\/2016\/08\/logo-prevol-sticky.png\",\"contentUrl\":\"https:\/\/prevol.ca\/wp-content\/uploads\/2016\/08\/logo-prevol-sticky.png\",\"width\":113,\"height\":25,\"caption\":\"S\u00e9curit\u00e9 Pr\u00e9vol\"},\"image\":{\"@id\":\"https:\/\/prevol.ca\/#\/schema\/logo\/image\/\"}}]}<\/script>\n<!-- \/ Yoast SEO plugin. -->","yoast_head_json":{"title":"Home - S\u00e9curit\u00e9 Pr\u00e9vol","robots":{"index":"index","follow":"follow","max-snippet":"max-snippet:-1","max-image-preview":"max-image-preview:large","max-video-preview":"max-video-preview:-1"},"canonical":"https:\/\/prevol.ca\/en\/home\/","og_locale":"en_US","og_type":"article","og_title":"Home - S\u00e9curit\u00e9 Pr\u00e9vol","og_description":"[vc_row padding_size=&#8221;s-padding&#8221;][vc_column][heading title=&#8221;Services&#8221; style=&#8221;3&#8243;][\/vc_column][\/vc_row][vc_row padding_size=&#8221;s-padding&#8221;][vc_column width=&#8221;1\/3&#8243;][info_box title=&#8221;Residential&#8221; icon=&#8221;fa fa-home&#8221; icon_size=&#8221;medium&#8221; style=&#8221;circle&#8221; color=&#8221;#077bb5&#8243;]Closed circuit camera[\/info_box][\/vc_column][vc_column width=&#8221;1\/3&#8243;][info_box title=&#8221;Commercial&#8221; icon=&#8221;fa fa-eye&#8221; icon_size=&#8221;medium&#8221; style=&#8221;circle&#8221; color=&#8221;#077bb5&#8243;]Central monitoring 24\/7 U.L.C.[\/info_box][\/vc_column][vc_column width=&#8221;1\/3&#8243;][info_box title=&#8221;Industrial&#8221; icon=&#8221;fa fa-building&#8221; icon_size=&#8221;medium&#8221; style=&#8221;circle&#8221; color=&#8221;#077bb5&#8243;]intercom, multi-room audio, cables, telephone and network[\/info_box][\/vc_column][\/vc_row][vc_row alt_color=&#8221;true&#8221; parallax=&#8221;true&#8221; background_overlay=&#8221;color&#8221; padding_size=&#8221;l-padding&#8221; bg_type=&#8221;image&#8221; bg_override=&#8221;ex-full&#8221; css=&#8221;.vc_custom_1758032606460{background-image: url(https:\/\/prevol.ca\/wp-content\/uploads\/2016\/08\/Slider2.jpg?id=20059) !important;}&#8221; overlay_color=&#8221;#0000008C&#8221;][vc_column alt_color=&#8221;true&#8221; text_align=&#8221;center&#8221; css=&#8221;.vc_custom_1467727045683{padding-top: 30px !important;}&#8221;][vc_column_text] Welcome to S\u00e9curit\u00e9 [&hellip;]","og_url":"https:\/\/prevol.ca\/en\/home\/","og_site_name":"S\u00e9curit\u00e9 Pr\u00e9vol","article_modified_time":"2025-09-16T14:23:29+00:00","twitter_card":"summary_large_image","twitter_misc":{"Est. reading time":"1 minute"},"schema":{"@context":"https:\/\/schema.org","@graph":[{"@type":"WebPage","@id":"https:\/\/prevol.ca\/en\/home\/","url":"https:\/\/prevol.ca\/en\/home\/","name":"Home - S\u00e9curit\u00e9 Pr\u00e9vol","isPartOf":{"@id":"https:\/\/prevol.ca\/#website"},"datePublished":"2016-08-25T14:12:44+00:00","dateModified":"2025-09-16T14:23:29+00:00","breadcrumb":{"@id":"https:\/\/prevol.ca\/en\/home\/#breadcrumb"},"inLanguage":"en-US","potentialAction":[{"@type":"ReadAction","target":["https:\/\/prevol.ca\/en\/home\/"]}]},{"@type":"BreadcrumbList","@id":"https:\/\/prevol.ca\/en\/home\/#breadcrumb","itemListElement":[{"@type":"ListItem","position":1,"name":"Home","item":"https:\/\/prevol.ca\/en\/home\/"},{"@type":"ListItem","position":2,"name":"Home"}]},{"@type":"WebSite","@id":"https:\/\/prevol.ca\/#website","url":"https:\/\/prevol.ca\/","name":"S\u00e9curit\u00e9 Pr\u00e9vol","description":"","publisher":{"@id":"https:\/\/prevol.ca\/#organization"},"potentialAction":[{"@type":"SearchAction","target":{"@type":"EntryPoint","urlTemplate":"https:\/\/prevol.ca\/?s={search_term_string}"},"query-input":{"@type":"PropertyValueSpecification","valueRequired":true,"valueName":"search_term_string"}}],"inLanguage":"en-US"},{"@type":"Organization","@id":"https:\/\/prevol.ca\/#organization","name":"S\u00e9curit\u00e9 Pr\u00e9vol","url":"https:\/\/prevol.ca\/","logo":{"@type":"ImageObject","inLanguage":"en-US","@id":"https:\/\/prevol.ca\/#\/schema\/logo\/image\/","url":"https:\/\/prevol.ca\/wp-content\/uploads\/2016\/08\/logo-prevol-sticky.png","contentUrl":"https:\/\/prevol.ca\/wp-content\/uploads\/2016\/08\/logo-prevol-sticky.png","width":113,"height":25,"caption":"S\u00e9curit\u00e9 Pr\u00e9vol"},"image":{"@id":"https:\/\/prevol.ca\/#\/schema\/logo\/image\/"}}]}},"_links":{"self":[{"href":"https:\/\/prevol.ca\/en\/wp-json\/wp\/v2\/pages\/19986","targetHints":{"allow":["GET"]}}],"collection":[{"href":"https:\/\/prevol.ca\/en\/wp-json\/wp\/v2\/pages"}],"about":[{"href":"https:\/\/prevol.ca\/en\/wp-json\/wp\/v2\/types\/page"}],"author":[{"embeddable":true,"href":"https:\/\/prevol.ca\/en\/wp-json\/wp\/v2\/users\/1"}],"replies":[{"embeddable":true,"href":"https:\/\/prevol.ca\/en\/wp-json\/wp\/v2\/comments?post=19986"}],"version-history":[{"count":5,"href":"https:\/\/prevol.ca\/en\/wp-json\/wp\/v2\/pages\/19986\/revisions"}],"predecessor-version":[{"id":20173,"href":"https:\/\/prevol.ca\/en\/wp-json\/wp\/v2\/pages\/19986\/revisions\/20173"}],"wp:attachment":[{"href":"https:\/\/prevol.ca\/en\/wp-json\/wp\/v2\/media?parent=19986"}],"curies":[{"name":"wp","href":"https:\/\/api.w.org\/{rel}","templated":true}]}}