{"id":20109,"date":"2025-09-08T18:03:27","date_gmt":"2025-09-08T18:03:27","guid":{"rendered":"https:\/\/prevol.ca\/systemes-dalarme\/"},"modified":"2025-10-03T15:24:39","modified_gmt":"2025-10-03T15:24:39","slug":"alarm-systems","status":"publish","type":"page","link":"https:\/\/prevol.ca\/en\/alarm-systems\/","title":{"rendered":"Alarm systems"},"content":{"rendered":"<div class=\"wpb-content-wrapper\"><p>[vc_section full_width=&#8221;stretch_row_content&#8221; full_height=&#8221;yes&#8221; content_placement=&#8221;middle&#8221; parallax=&#8221;content-moving&#8221; parallax_image=&#8221;19971&#8243; css=&#8221;.vc_custom_1757443439479{margin-top: 0px !important;padding-top: 0px !important;}&#8221;][vc_row el_class=&#8221;banner-header&#8221;][vc_column][vc_column_text]<\/p>\n<h1 style=\"text-align: center;\"><span style=\"font-weight: 400; color: #ffffff;\">Alarm system<\/span><\/h1>\n<h2 style=\"text-align: center;\"><span style=\"font-weight: 400; color: #ffffff;\">Give yourself peace of mind<\/span><\/h2>\n<p>[\/vc_column_text][\/vc_column][\/vc_row][\/vc_section][vc_section][vc_row padding_size=&#8221;s-padding&#8221;][vc_column][heading title=&#8221;Services&#8221; style=&#8221;3&#8243;][\/vc_column][\/vc_row][vc_row padding_size=&#8221;s-padding&#8221;][vc_column width=&#8221;1\/3&#8243;][info_box title=&#8221;Residential&#8221; icon=&#8221;fa fa-home&#8221; icon_size=&#8221;medium&#8221; style=&#8221;circle&#8221; color=&#8221;#077bb5&#8243;]Closed circuit camera[\/info_box][\/vc_column][vc_column width=&#8221;1\/3&#8243;][info_box title=&#8221;Commercial&#8221; icon=&#8221;fa fa-eye&#8221; icon_size=&#8221;medium&#8221; style=&#8221;circle&#8221; color=&#8221;#077bb5&#8243;]Central monitoring 24\/7 U.L.C.[\/info_box][\/vc_column][vc_column width=&#8221;1\/3&#8243;][info_box title=&#8221;Industrial&#8221; icon=&#8221;fa fa-building&#8221; icon_size=&#8221;medium&#8221; style=&#8221;circle&#8221; color=&#8221;#077bb5&#8243;]intercom, multi-room audio, cables, telephone and network[\/info_box][\/vc_column][\/vc_row][\/vc_section][vc_section css=&#8221;.vc_custom_1757355056892{padding-top: 90px !important;padding-bottom: 90px !important;}&#8221;][vc_row][vc_column][heading title=&#8221;Protect yourself with a professional installation&#8221; style=&#8221;3&#8243;][vc_column_text]<\/p>\n<p style=\"text-align: center; font-size: 20px;\">A well installed alarm system makes all the difference. Pr\u00e9vol offers you professional reliable installation tailored to your needs to ensure the security of your home or business.<\/p>\n<p>[\/vc_column_text][\/vc_column][\/vc_row][\/vc_section][vc_section full_width=&#8221;stretch_row_content&#8221; content_placement=&#8221;middle&#8221; parallax=&#8221;content-moving&#8221; parallax_image=&#8221;20106&#8243; css=&#8221;.vc_custom_1757439625727{padding-top: 150px !important;padding-right: 30px !important;padding-bottom: 150px !important;padding-left: 30px !important;}&#8221;][vc_row][vc_column][vc_column_text animation=&#8221;fadeInUp&#8221;]<\/p>\n<h2 style=\"text-align: center;\"><span style=\"font-weight: 400; color: #ffffff;\"> Welcome to S\u00e9curit\u00e9 Pr\u00e9vol<\/span><\/h2>\n<p>[\/vc_column_text][vc_row_inner][vc_column_inner width=&#8221;1\/6&#8243;][\/vc_column_inner][vc_column_inner width=&#8221;2\/3&#8243;][vc_column_text animation=&#8221;fadeInUp&#8221;]<\/p>\n<p style=\"text-align: center; font-size: 25px; line-height: 1.2em;\"><span style=\"color: #ffffff;\">At S\u00e9curit\u00e9 Pr\u00e9vol we specialize in the installation and maintenance of alarm systems for homes and businesses in the greater Montreal area.<\/span><\/p>\n<p style=\"text-align: center; font-size: 25px; line-height: 1.2em;\"><span style=\"color: #ffffff;\">Our team offers you reliable products and turnkey service to guarantee optimal protection whether through high performance alarm systems or water damage prevention systems. With Pr\u00e9vol you are assured of complete security tailored to your needs.<\/span><\/p>\n<p>[\/vc_column_text][\/vc_column_inner][vc_column_inner width=&#8221;1\/6&#8243;][\/vc_column_inner][\/vc_row_inner][\/vc_column][\/vc_row][\/vc_section][vc_section][vc_row padding_size=&#8221;m-padding&#8221;][vc_column width=&#8221;1\/3&#8243;][vc_column_text]<\/p>\n<h3>Contact Us<\/h3>\n<p>Phone: 514 909-7421<br \/>\nEmail: <a href=\"mailto:info@prevol.ca\" target=\"_blank\" rel=\"noopener\">info@prevol.ca<\/a><\/p>\n<p>Please complete the form. Fields marked with (*) are required.[\/vc_column_text][\/vc_column][vc_column width=&#8221;2\/3&#8243;]\n<div class=\"wpcf7 no-js\" id=\"wpcf7-f19992-o1\" lang=\"en-US\" dir=\"ltr\" data-wpcf7-id=\"19992\">\n<div class=\"screen-reader-response\"><p role=\"status\" aria-live=\"polite\" aria-atomic=\"true\"><\/p> <ul><\/ul><\/div>\n<form action=\"\/en\/wp-json\/wp\/v2\/pages\/20109#wpcf7-f19992-o1\" method=\"post\" class=\"wpcf7-form init\" aria-label=\"Contact form\" novalidate=\"novalidate\" data-status=\"init\">\n<fieldset class=\"hidden-fields-container\"><input type=\"hidden\" name=\"_wpcf7\" value=\"19992\" \/><input type=\"hidden\" name=\"_wpcf7_version\" value=\"6.1.1\" \/><input type=\"hidden\" name=\"_wpcf7_locale\" value=\"en_US\" \/><input type=\"hidden\" name=\"_wpcf7_unit_tag\" value=\"wpcf7-f19992-o1\" \/><input type=\"hidden\" name=\"_wpcf7_container_post\" value=\"0\" \/><input type=\"hidden\" name=\"_wpcf7_posted_data_hash\" value=\"\" \/><input type=\"hidden\" name=\"_wpcf7_recaptcha_response\" value=\"\" \/>\n<\/fieldset>\n<div class=\"col-sm-6\">\n\t<p><span class=\"wpcf7-form-control-wrap\" data-name=\"your-firstname\"><input size=\"40\" maxlength=\"400\" class=\"wpcf7-form-control wpcf7-text wpcf7-validates-as-required\" aria-required=\"true\" aria-invalid=\"false\" placeholder=\"LAST NAME *\" value=\"\" type=\"text\" name=\"your-firstname\" \/><\/span>\n\t<\/p>\n<\/div>\n<div class=\"col-sm-6\">\n\t<p><span class=\"wpcf7-form-control-wrap\" data-name=\"your-lastname\"><input size=\"40\" maxlength=\"400\" class=\"wpcf7-form-control wpcf7-text wpcf7-validates-as-required\" aria-required=\"true\" aria-invalid=\"false\" placeholder=\"FIRST NAME *\" value=\"\" type=\"text\" name=\"your-lastname\" \/><\/span>\n\t<\/p>\n<\/div>\n<div class=\"col-sm-6\">\n\t<p><span class=\"wpcf7-form-control-wrap\" data-name=\"your-email\"><input size=\"40\" maxlength=\"400\" class=\"wpcf7-form-control wpcf7-email wpcf7-validates-as-required wpcf7-text wpcf7-validates-as-email\" aria-required=\"true\" aria-invalid=\"false\" placeholder=\"EMAIL *\" value=\"\" type=\"email\" name=\"your-email\" \/><\/span>\n\t<\/p>\n<\/div>\n<div class=\"col-sm-6\">\n\t<p><span class=\"wpcf7-form-control-wrap\" data-name=\"your-tel\"><input size=\"40\" maxlength=\"400\" class=\"wpcf7-form-control wpcf7-tel wpcf7-text wpcf7-validates-as-tel\" aria-invalid=\"false\" placeholder=\"PHONE\" value=\"\" type=\"tel\" name=\"your-tel\" \/><\/span>\n\t<\/p>\n<\/div>\n<div class=\"col-xs-12\">\n\t<p><span class=\"wpcf7-form-control-wrap\" data-name=\"services\"><select class=\"wpcf7-form-control wpcf7-select wpcf7-validates-as-required\" aria-required=\"true\" aria-invalid=\"false\" name=\"services\"><option value=\"Select a type of service\">Select a type of service<\/option><option value=\"Alarm system\">Alarm system<\/option><option value=\"Water damage prevention system\">Water damage prevention system<\/option><option value=\"Others\">Others<\/option><\/select><\/span>\n\t<\/p>\n<\/div>\n<div class=\"col-xs-12\">\n\t<p><span class=\"wpcf7-form-control-wrap\" data-name=\"your-message\"><textarea cols=\"40\" rows=\"10\" maxlength=\"2000\" class=\"wpcf7-form-control wpcf7-textarea\" aria-invalid=\"false\" placeholder=\"MESSAGE\" name=\"your-message\"><\/textarea><\/span>\n\t<\/p>\n\t<p><input type=\"submit\" value=\"SUBMIT\" class=\"full\" \/>\n\t<\/p>\n<\/div><div class=\"wpcf7-response-output\" aria-hidden=\"true\"><\/div>\n<\/form>\n<\/div>\n[\/vc_column][\/vc_row][\/vc_section]<\/p>\n<\/div>","protected":false},"excerpt":{"rendered":"<p>[vc_section full_width=&#8221;stretch_row_content&#8221; full_height=&#8221;yes&#8221; content_placement=&#8221;middle&#8221; parallax=&#8221;content-moving&#8221; parallax_image=&#8221;19971&#8243; css=&#8221;.vc_custom_1757443439479{margin-top: 0px !important;padding-top: 0px !important;}&#8221;][vc_row el_class=&#8221;banner-header&#8221;][vc_column][vc_column_text] Alarm system Give yourself peace of mind [\/vc_column_text][\/vc_column][\/vc_row][\/vc_section][vc_section][vc_row padding_size=&#8221;s-padding&#8221;][vc_column][heading title=&#8221;Services&#8221; style=&#8221;3&#8243;][\/vc_column][\/vc_row][vc_row padding_size=&#8221;s-padding&#8221;][vc_column width=&#8221;1\/3&#8243;][info_box title=&#8221;Residential&#8221; icon=&#8221;fa fa-home&#8221; icon_size=&#8221;medium&#8221; style=&#8221;circle&#8221; color=&#8221;#077bb5&#8243;]Closed circuit camera[\/info_box][\/vc_column][vc_column width=&#8221;1\/3&#8243;][info_box title=&#8221;Commercial&#8221; icon=&#8221;fa fa-eye&#8221; icon_size=&#8221;medium&#8221; style=&#8221;circle&#8221; color=&#8221;#077bb5&#8243;]Central monitoring 24\/7 U.L.C.[\/info_box][\/vc_column][vc_column width=&#8221;1\/3&#8243;][info_box title=&#8221;Industrial&#8221; icon=&#8221;fa fa-building&#8221; icon_size=&#8221;medium&#8221; style=&#8221;circle&#8221; color=&#8221;#077bb5&#8243;]intercom, multi-room audio, cables, telephone and [&hellip;]<\/p>\n","protected":false},"author":1,"featured_media":0,"parent":0,"menu_order":0,"comment_status":"closed","ping_status":"closed","template":"","meta":{"footnotes":""},"class_list":["post-20109","page","type-page","status-publish","hentry"],"yoast_head":"<!-- This site is optimized with the Yoast SEO plugin v25.9 - https:\/\/yoast.com\/wordpress\/plugins\/seo\/ -->\n<title>Alarm systems | S\u00e9curit\u00e9 Pr\u00e9Vol<\/title>\n<meta name=\"description\" content=\"Installation and maintenance of alarm systems in Montreal. S\u00e9curit\u00e9 Pr\u00e9Vol protects homes and businesses with reliable solutions.\" \/>\n<meta name=\"robots\" content=\"noindex, nofollow\" \/>\n<meta property=\"og:locale\" content=\"en_US\" \/>\n<meta property=\"og:type\" content=\"article\" \/>\n<meta property=\"og:title\" content=\"Alarm systems | S\u00e9curit\u00e9 Pr\u00e9Vol\" \/>\n<meta property=\"og:description\" content=\"Installation and maintenance of alarm systems in Montreal. S\u00e9curit\u00e9 Pr\u00e9Vol protects homes and businesses with reliable solutions.\" \/>\n<meta property=\"og:url\" content=\"https:\/\/prevol.ca\/en\/alarm-systems\/\" \/>\n<meta property=\"og:site_name\" content=\"S\u00e9curit\u00e9 Pr\u00e9vol\" \/>\n<meta property=\"article:modified_time\" content=\"2025-10-03T15:24:39+00:00\" \/>\n<meta name=\"twitter:card\" content=\"summary_large_image\" \/>\n<meta name=\"twitter:label1\" content=\"Est. reading time\" \/>\n\t<meta name=\"twitter:data1\" content=\"2 minutes\" \/>\n<script type=\"application\/ld+json\" class=\"yoast-schema-graph\">{\"@context\":\"https:\/\/schema.org\",\"@graph\":[{\"@type\":\"WebPage\",\"@id\":\"https:\/\/prevol.ca\/en\/alarm-systems\/\",\"url\":\"https:\/\/prevol.ca\/en\/alarm-systems\/\",\"name\":\"Alarm systems | S\u00e9curit\u00e9 Pr\u00e9Vol\",\"isPartOf\":{\"@id\":\"https:\/\/prevol.ca\/#website\"},\"datePublished\":\"2025-09-08T18:03:27+00:00\",\"dateModified\":\"2025-10-03T15:24:39+00:00\",\"description\":\"Installation and maintenance of alarm systems in Montreal. S\u00e9curit\u00e9 Pr\u00e9Vol protects homes and businesses with reliable solutions.\",\"breadcrumb\":{\"@id\":\"https:\/\/prevol.ca\/en\/alarm-systems\/#breadcrumb\"},\"inLanguage\":\"en-US\",\"potentialAction\":[{\"@type\":\"ReadAction\",\"target\":[\"https:\/\/prevol.ca\/en\/alarm-systems\/\"]}]},{\"@type\":\"BreadcrumbList\",\"@id\":\"https:\/\/prevol.ca\/en\/alarm-systems\/#breadcrumb\",\"itemListElement\":[{\"@type\":\"ListItem\",\"position\":1,\"name\":\"Home\",\"item\":\"https:\/\/prevol.ca\/en\/home\/\"},{\"@type\":\"ListItem\",\"position\":2,\"name\":\"Alarm systems\"}]},{\"@type\":\"WebSite\",\"@id\":\"https:\/\/prevol.ca\/#website\",\"url\":\"https:\/\/prevol.ca\/\",\"name\":\"S\u00e9curit\u00e9 Pr\u00e9vol\",\"description\":\"\",\"publisher\":{\"@id\":\"https:\/\/prevol.ca\/#organization\"},\"potentialAction\":[{\"@type\":\"SearchAction\",\"target\":{\"@type\":\"EntryPoint\",\"urlTemplate\":\"https:\/\/prevol.ca\/?s={search_term_string}\"},\"query-input\":{\"@type\":\"PropertyValueSpecification\",\"valueRequired\":true,\"valueName\":\"search_term_string\"}}],\"inLanguage\":\"en-US\"},{\"@type\":\"Organization\",\"@id\":\"https:\/\/prevol.ca\/#organization\",\"name\":\"S\u00e9curit\u00e9 Pr\u00e9vol\",\"url\":\"https:\/\/prevol.ca\/\",\"logo\":{\"@type\":\"ImageObject\",\"inLanguage\":\"en-US\",\"@id\":\"https:\/\/prevol.ca\/#\/schema\/logo\/image\/\",\"url\":\"https:\/\/prevol.ca\/wp-content\/uploads\/2016\/08\/logo-prevol-sticky.png\",\"contentUrl\":\"https:\/\/prevol.ca\/wp-content\/uploads\/2016\/08\/logo-prevol-sticky.png\",\"width\":113,\"height\":25,\"caption\":\"S\u00e9curit\u00e9 Pr\u00e9vol\"},\"image\":{\"@id\":\"https:\/\/prevol.ca\/#\/schema\/logo\/image\/\"}}]}<\/script>\n<!-- \/ Yoast SEO plugin. -->","yoast_head_json":{"title":"Alarm systems | S\u00e9curit\u00e9 Pr\u00e9Vol","description":"Installation and maintenance of alarm systems in Montreal. S\u00e9curit\u00e9 Pr\u00e9Vol protects homes and businesses with reliable solutions.","robots":{"index":"noindex","follow":"nofollow"},"og_locale":"en_US","og_type":"article","og_title":"Alarm systems | S\u00e9curit\u00e9 Pr\u00e9Vol","og_description":"Installation and maintenance of alarm systems in Montreal. S\u00e9curit\u00e9 Pr\u00e9Vol protects homes and businesses with reliable solutions.","og_url":"https:\/\/prevol.ca\/en\/alarm-systems\/","og_site_name":"S\u00e9curit\u00e9 Pr\u00e9vol","article_modified_time":"2025-10-03T15:24:39+00:00","twitter_card":"summary_large_image","twitter_misc":{"Est. reading time":"2 minutes"},"schema":{"@context":"https:\/\/schema.org","@graph":[{"@type":"WebPage","@id":"https:\/\/prevol.ca\/en\/alarm-systems\/","url":"https:\/\/prevol.ca\/en\/alarm-systems\/","name":"Alarm systems | S\u00e9curit\u00e9 Pr\u00e9Vol","isPartOf":{"@id":"https:\/\/prevol.ca\/#website"},"datePublished":"2025-09-08T18:03:27+00:00","dateModified":"2025-10-03T15:24:39+00:00","description":"Installation and maintenance of alarm systems in Montreal. S\u00e9curit\u00e9 Pr\u00e9Vol protects homes and businesses with reliable solutions.","breadcrumb":{"@id":"https:\/\/prevol.ca\/en\/alarm-systems\/#breadcrumb"},"inLanguage":"en-US","potentialAction":[{"@type":"ReadAction","target":["https:\/\/prevol.ca\/en\/alarm-systems\/"]}]},{"@type":"BreadcrumbList","@id":"https:\/\/prevol.ca\/en\/alarm-systems\/#breadcrumb","itemListElement":[{"@type":"ListItem","position":1,"name":"Home","item":"https:\/\/prevol.ca\/en\/home\/"},{"@type":"ListItem","position":2,"name":"Alarm systems"}]},{"@type":"WebSite","@id":"https:\/\/prevol.ca\/#website","url":"https:\/\/prevol.ca\/","name":"S\u00e9curit\u00e9 Pr\u00e9vol","description":"","publisher":{"@id":"https:\/\/prevol.ca\/#organization"},"potentialAction":[{"@type":"SearchAction","target":{"@type":"EntryPoint","urlTemplate":"https:\/\/prevol.ca\/?s={search_term_string}"},"query-input":{"@type":"PropertyValueSpecification","valueRequired":true,"valueName":"search_term_string"}}],"inLanguage":"en-US"},{"@type":"Organization","@id":"https:\/\/prevol.ca\/#organization","name":"S\u00e9curit\u00e9 Pr\u00e9vol","url":"https:\/\/prevol.ca\/","logo":{"@type":"ImageObject","inLanguage":"en-US","@id":"https:\/\/prevol.ca\/#\/schema\/logo\/image\/","url":"https:\/\/prevol.ca\/wp-content\/uploads\/2016\/08\/logo-prevol-sticky.png","contentUrl":"https:\/\/prevol.ca\/wp-content\/uploads\/2016\/08\/logo-prevol-sticky.png","width":113,"height":25,"caption":"S\u00e9curit\u00e9 Pr\u00e9vol"},"image":{"@id":"https:\/\/prevol.ca\/#\/schema\/logo\/image\/"}}]}},"_links":{"self":[{"href":"https:\/\/prevol.ca\/en\/wp-json\/wp\/v2\/pages\/20109","targetHints":{"allow":["GET"]}}],"collection":[{"href":"https:\/\/prevol.ca\/en\/wp-json\/wp\/v2\/pages"}],"about":[{"href":"https:\/\/prevol.ca\/en\/wp-json\/wp\/v2\/types\/page"}],"author":[{"embeddable":true,"href":"https:\/\/prevol.ca\/en\/wp-json\/wp\/v2\/users\/1"}],"replies":[{"embeddable":true,"href":"https:\/\/prevol.ca\/en\/wp-json\/wp\/v2\/comments?post=20109"}],"version-history":[{"count":6,"href":"https:\/\/prevol.ca\/en\/wp-json\/wp\/v2\/pages\/20109\/revisions"}],"predecessor-version":[{"id":20195,"href":"https:\/\/prevol.ca\/en\/wp-json\/wp\/v2\/pages\/20109\/revisions\/20195"}],"wp:attachment":[{"href":"https:\/\/prevol.ca\/en\/wp-json\/wp\/v2\/media?parent=20109"}],"curies":[{"name":"wp","href":"https:\/\/api.w.org\/{rel}","templated":true}]}}